{"id":32,"date":"2017-09-21T16:09:22","date_gmt":"2017-09-21T14:09:22","guid":{"rendered":"http:\/\/docinfo.fr\/wordpress\/?page_id=32"},"modified":"2017-10-12T15:55:41","modified_gmt":"2017-10-12T13:55:41","slug":"realite-augmentee","status":"publish","type":"page","link":"http:\/\/docinfo.fr\/wordpress\/realite-augmentee\/","title":{"rendered":"\u00a0NOUVEAU &#8211; R\u00e9alit\u00e9 augment\u00e9e"},"content":{"rendered":"<p>Docinfo est agr\u00e9\u00e9 par SnapPress. Une simple photo du support avec un smartphone am\u00e8ne une quantit\u00e9 de contenus compl\u00e9mentaires (audio, vid\u00e9o, 3D, g\u00e9olocalisation, site web,&#8230;)<\/p>\n<p>Ceci permet une liaison du print au num\u00e9rique.<\/p>\n<p><a href=\"https:\/\/www.topgear-magazine.fr\/\">TopGear Magazine<\/a> utilise la r\u00e9alit\u00e9 augment\u00e9e pour pr\u00e9senter des essais exclusifs qui ne sont pas diffusable avant l&rsquo;impression, mais qui le deviennent apr\u00e8s, par simple photo du magazine!<\/p>\n<p>Le <a href=\"http:\/\/www.lemondedesanimaux-magazine.fr\/\">Monde des animaux<\/a> a cr\u00e9\u00e9 un jeu en r\u00e9alit\u00e9 augment\u00e9e pour gagner des invitations.<\/p>\n<p>&nbsp;<\/p>\n","protected":false},"excerpt":{"rendered":"<p>Docinfo est agr\u00e9\u00e9 par SnapPress. Une simple photo du support avec un smartphone am\u00e8ne une quantit\u00e9 de contenus compl\u00e9mentaires (audio, vid\u00e9o, 3D, g\u00e9olocalisation, site web,&#8230;) Ceci permet une liaison du print au num\u00e9rique. TopGear Magazine utilise la r\u00e9alit\u00e9 augment\u00e9e pour pr\u00e9senter des essais exclusifs qui ne sont pas diffusable avant\u2026<\/p>\n<p> <a class=\"continue-reading-link\" href=\"http:\/\/docinfo.fr\/wordpress\/realite-augmentee\/\"><span>Continue reading<\/span><i class=\"crycon-right-dir\"><\/i><\/a> <\/p>\n","protected":false},"author":1,"featured_media":0,"parent":0,"menu_order":0,"comment_status":"closed","ping_status":"closed","template":"","meta":{"spay_email":"","footnotes":""},"_links":{"self":[{"href":"http:\/\/docinfo.fr\/wordpress\/wp-json\/wp\/v2\/pages\/32"}],"collection":[{"href":"http:\/\/docinfo.fr\/wordpress\/wp-json\/wp\/v2\/pages"}],"about":[{"href":"http:\/\/docinfo.fr\/wordpress\/wp-json\/wp\/v2\/types\/page"}],"author":[{"embeddable":true,"href":"http:\/\/docinfo.fr\/wordpress\/wp-json\/wp\/v2\/users\/1"}],"replies":[{"embeddable":true,"href":"http:\/\/docinfo.fr\/wordpress\/wp-json\/wp\/v2\/comments?post=32"}],"version-history":[{"count":5,"href":"http:\/\/docinfo.fr\/wordpress\/wp-json\/wp\/v2\/pages\/32\/revisions"}],"predecessor-version":[{"id":45,"href":"http:\/\/docinfo.fr\/wordpress\/wp-json\/wp\/v2\/pages\/32\/revisions\/45"}],"wp:attachment":[{"href":"http:\/\/docinfo.fr\/wordpress\/wp-json\/wp\/v2\/media?parent=32"}],"curies":[{"name":"wp","href":"https:\/\/api.w.org\/{rel}","templated":true}]}}